{"id":106,"date":"2026-02-09T18:41:06","date_gmt":"2026-02-09T18:41:06","guid":{"rendered":"https:\/\/avantlespatchs.fr\/?page_id=106"},"modified":"2026-02-20T23:41:57","modified_gmt":"2026-02-20T23:41:57","slug":"accueil","status":"publish","type":"page","link":"https:\/\/avantlespatchs.fr\/","title":{"rendered":"Dossier \u00e0 la une"},"content":{"rendered":"\n<h1 class=\"wp-block-heading\"><img loading=\"lazy\" decoding=\"async\" width=\"240\" height=\"46\" class=\"wp-image-222\" style=\"width: 240px;\" src=\"http:\/\/avantlespatchs.fr\/wp-content\/uploads\/2026\/02\/8b7a16df-cd2d-4037-a546-cbfb0ea6e0e6-e1770744079726.png\" alt=\"\" srcset=\"https:\/\/avantlespatchs.fr\/wp-content\/uploads\/2026\/02\/8b7a16df-cd2d-4037-a546-cbfb0ea6e0e6-e1770744079726.png 637w, https:\/\/avantlespatchs.fr\/wp-content\/uploads\/2026\/02\/8b7a16df-cd2d-4037-a546-cbfb0ea6e0e6-e1770744079726-300x58.png 300w\" sizes=\"auto, (max-width: 240px) 100vw, 240px\" \/><\/h1>\n\n\n\n<div class=\"wp-block-query is-layout-flow wp-block-query-is-layout-flow\"><ul class=\"wp-block-post-template is-layout-flow wp-block-post-template-is-layout-flow\"><li class=\"wp-block-post post-290 dossiers type-dossiers status-publish has-post-thumbnail hentry\">\n\n<div class=\"wp-block-columns alignwide is-layout-flex wp-container-core-columns-is-layout-28f84493 wp-block-columns-is-layout-flex\">\n<div class=\"wp-block-column is-layout-flow wp-block-column-is-layout-flow\" style=\"flex-basis:66.66%\"><figure style=\"aspect-ratio:16\/9; padding-top:0;padding-bottom:0;margin-top:0;margin-bottom:0;\" class=\"wp-block-post-featured-image\"><a href=\"https:\/\/avantlespatchs.fr\/index.php\/dossiers\/wolfenstein-enemy-territory-quand-un-jeu-gratuit-a-cree-une-vraie-communaute\/\" target=\"_self\"  ><img loading=\"lazy\" decoding=\"async\" width=\"600\" height=\"534\" src=\"https:\/\/avantlespatchs.fr\/wp-content\/uploads\/2026\/03\/MV5BMGFmY2I3NzMtNWEzOC00Y2RhLTljNWItMTU0MmRhZjk4MjZmXkEyXkFqcGc@._V1_-e1773568707586.jpg\" class=\"attachment-post-thumbnail size-post-thumbnail wp-post-image\" alt=\"Wolfenstein: Enemy Territory \u2014 Quand un jeu gratuit a cr\u00e9\u00e9 une vraie communaut\u00e9\" style=\"border-top-left-radius:100px;border-top-right-radius:100px;border-bottom-left-radius:100px;border-bottom-right-radius:100px;border-width:7px;width:100%;height:100%;object-fit:cover;\" srcset=\"https:\/\/avantlespatchs.fr\/wp-content\/uploads\/2026\/03\/MV5BMGFmY2I3NzMtNWEzOC00Y2RhLTljNWItMTU0MmRhZjk4MjZmXkEyXkFqcGc@._V1_-e1773568707586.jpg 600w, https:\/\/avantlespatchs.fr\/wp-content\/uploads\/2026\/03\/MV5BMGFmY2I3NzMtNWEzOC00Y2RhLTljNWItMTU0MmRhZjk4MjZmXkEyXkFqcGc@._V1_-e1773568707586-300x267.jpg 300w\" sizes=\"auto, (max-width: 600px) 100vw, 600px\" \/><\/a><\/figure><\/div>\n\n\n\n<div class=\"wp-block-column is-layout-flow wp-block-column-is-layout-flow\" style=\"flex-basis:33.33%\"><h2 class=\"wp-block-post-title has-roboto-font-family\"><a href=\"https:\/\/avantlespatchs.fr\/index.php\/dossiers\/wolfenstein-enemy-territory-quand-un-jeu-gratuit-a-cree-une-vraie-communaute\/\" target=\"_self\" >Wolfenstein: Enemy Territory \u2014 Quand un jeu gratuit a cr\u00e9\u00e9 une vraie communaut\u00e9<\/a><\/h2>\n\n<div class=\"wp-block-post-excerpt has-segoe-ui-font-family\"><p class=\"wp-block-post-excerpt__excerpt\">\u00ab\u00a0We need an engineer !\u00a0\u00bb &#8211; \u00ab\u00a0I&rsquo;m a field ops !\u00a0\u00bb Au d\u00e9but des ann\u00e9es 2000, Internet commence \u00e0\u2026<\/p><p class=\"wp-block-post-excerpt__more-text\"><a class=\"wp-block-post-excerpt__more-link\" href=\"https:\/\/avantlespatchs.fr\/index.php\/dossiers\/wolfenstein-enemy-territory-quand-un-jeu-gratuit-a-cree-une-vraie-communaute\/\"><strong>Lire le dossier<\/strong><\/a><\/p><\/div><\/div>\n<\/div>\n\n<\/li><\/ul><\/div>\n\n\n\n<div style=\"height:50px\" aria-hidden=\"true\" class=\"wp-block-spacer\"><\/div>\n\n\n\n<h2 class=\"wp-block-heading\"><img loading=\"lazy\" decoding=\"async\" width=\"240\" height=\"52\" class=\"wp-image-223\" style=\"width: 240px;\" src=\"http:\/\/avantlespatchs.fr\/wp-content\/uploads\/2026\/02\/862e1ec3-d13d-4a7e-bb42-33c1ef3335bd-e1770744123572.png\" alt=\"\" srcset=\"https:\/\/avantlespatchs.fr\/wp-content\/uploads\/2026\/02\/862e1ec3-d13d-4a7e-bb42-33c1ef3335bd-e1770744123572.png 610w, https:\/\/avantlespatchs.fr\/wp-content\/uploads\/2026\/02\/862e1ec3-d13d-4a7e-bb42-33c1ef3335bd-e1770744123572-300x65.png 300w\" sizes=\"auto, (max-width: 240px) 100vw, 240px\" \/><\/h2>\n\n\n\n<div class=\"wp-block-group is-layout-constrained wp-block-group-is-layout-constrained\">\n<div class=\"wp-block-query alp-articles-grid is-layout-flow wp-block-query-is-layout-flow\"><ul class=\"alp-articles-grid wp-block-post-template is-layout-flow wp-block-post-template-is-layout-flow\"><li class=\"wp-block-post post-280 post type-post status-publish format-standard has-post-thumbnail hentry category-2000s category-90s\">\n\n<div class=\"wp-block-columns alignwide is-layout-flex wp-container-core-columns-is-layout-28f84493 wp-block-columns-is-layout-flex\">\n<div class=\"wp-block-column is-layout-flow wp-block-column-is-layout-flow\" style=\"flex-basis:66.66%\"><figure style=\"aspect-ratio:3\/2;width:450px;height:200px;\" class=\"wp-block-post-featured-image\"><a href=\"https:\/\/avantlespatchs.fr\/index.php\/2026\/03\/10\/playstation-la-console-qui-a-change-les-annees-90\/\" target=\"_self\"  style=\"height:200px\"><img loading=\"lazy\" decoding=\"async\" width=\"2048\" height=\"1365\" src=\"https:\/\/avantlespatchs.fr\/wp-content\/uploads\/2026\/03\/ok2Tu10IAx0bt-M4OKoZ5ZPTDCIedGDyIqLVK9OzNfrRRqbiO6Sl3pxvbD8vmk5LT-4fdX9fiYRSJNZSpNwNky1GszmJV-ftFmFe_-nMFPA.jpeg\" class=\"attachment-post-thumbnail size-post-thumbnail wp-post-image\" alt=\"PlayStation \u2013 La console qui a chang\u00e9 les ann\u00e9es 90\" style=\"border-top-left-radius:34px;border-top-right-radius:34px;border-bottom-left-radius:34px;border-bottom-right-radius:34px;border-width:6px;width:100%;height:100%;object-fit:cover;\" srcset=\"https:\/\/avantlespatchs.fr\/wp-content\/uploads\/2026\/03\/ok2Tu10IAx0bt-M4OKoZ5ZPTDCIedGDyIqLVK9OzNfrRRqbiO6Sl3pxvbD8vmk5LT-4fdX9fiYRSJNZSpNwNky1GszmJV-ftFmFe_-nMFPA.jpeg 2048w, https:\/\/avantlespatchs.fr\/wp-content\/uploads\/2026\/03\/ok2Tu10IAx0bt-M4OKoZ5ZPTDCIedGDyIqLVK9OzNfrRRqbiO6Sl3pxvbD8vmk5LT-4fdX9fiYRSJNZSpNwNky1GszmJV-ftFmFe_-nMFPA-300x200.jpeg 300w, https:\/\/avantlespatchs.fr\/wp-content\/uploads\/2026\/03\/ok2Tu10IAx0bt-M4OKoZ5ZPTDCIedGDyIqLVK9OzNfrRRqbiO6Sl3pxvbD8vmk5LT-4fdX9fiYRSJNZSpNwNky1GszmJV-ftFmFe_-nMFPA-1024x683.jpeg 1024w, https:\/\/avantlespatchs.fr\/wp-content\/uploads\/2026\/03\/ok2Tu10IAx0bt-M4OKoZ5ZPTDCIedGDyIqLVK9OzNfrRRqbiO6Sl3pxvbD8vmk5LT-4fdX9fiYRSJNZSpNwNky1GszmJV-ftFmFe_-nMFPA-768x512.jpeg 768w, https:\/\/avantlespatchs.fr\/wp-content\/uploads\/2026\/03\/ok2Tu10IAx0bt-M4OKoZ5ZPTDCIedGDyIqLVK9OzNfrRRqbiO6Sl3pxvbD8vmk5LT-4fdX9fiYRSJNZSpNwNky1GszmJV-ftFmFe_-nMFPA-1536x1024.jpeg 1536w\" sizes=\"auto, (max-width: 2048px) 100vw, 2048px\" \/><\/a><\/figure><\/div>\n\n\n\n<div class=\"wp-block-column is-layout-flow wp-block-column-is-layout-flow\" style=\"flex-basis:33.33%\"><h5 class=\"wp-block-post-title has-roboto-font-family\"><a href=\"https:\/\/avantlespatchs.fr\/index.php\/2026\/03\/10\/playstation-la-console-qui-a-change-les-annees-90\/\" target=\"_self\" >PlayStation \u2013 La console qui a chang\u00e9 les ann\u00e9es 90<\/a><\/h5>\n\n<div class=\"wp-block-post-excerpt has-segoe-ui-font-family\"><p class=\"wp-block-post-excerpt__excerpt\">\u30d7\u30ec\u30a4\u30b9\u30c6\u30fc\u30b7\u30e7\u30f3 Sortie en 1994 au Japon et 1995 en Europe, la PlayStation est n\u00e9e d\u2019un projet avort\u00e9 entre\u2026<\/p><p class=\"wp-block-post-excerpt__more-text\"><a class=\"wp-block-post-excerpt__more-link\" href=\"https:\/\/avantlespatchs.fr\/index.php\/2026\/03\/10\/playstation-la-console-qui-a-change-les-annees-90\/\">Lire l&rsquo;article<\/a><\/p><\/div><\/div>\n<\/div>\n\n<\/li><li class=\"wp-block-post post-266 post type-post status-publish format-standard has-post-thumbnail hentry category-2000s category-ils-nous-manquent\">\n\n<div class=\"wp-block-columns alignwide is-layout-flex wp-container-core-columns-is-layout-28f84493 wp-block-columns-is-layout-flex\">\n<div class=\"wp-block-column is-layout-flow wp-block-column-is-layout-flow\" style=\"flex-basis:66.66%\"><figure style=\"aspect-ratio:3\/2;width:450px;height:200px;\" class=\"wp-block-post-featured-image\"><a href=\"https:\/\/avantlespatchs.fr\/index.php\/2026\/02\/23\/dreamcast-trop-en-avance-pour-son-epoque\/\" target=\"_self\"  style=\"height:200px\"><img loading=\"lazy\" decoding=\"async\" width=\"2560\" height=\"2018\" src=\"https:\/\/avantlespatchs.fr\/wp-content\/uploads\/2026\/02\/console-blue-logo-scaled.jpg\" class=\"attachment-post-thumbnail size-post-thumbnail wp-post-image\" alt=\"Dreamcast \u2013 Trop en avance pour son \u00e9poque\" style=\"border-top-left-radius:34px;border-top-right-radius:34px;border-bottom-left-radius:34px;border-bottom-right-radius:34px;border-width:6px;width:100%;height:100%;object-fit:cover;\" srcset=\"https:\/\/avantlespatchs.fr\/wp-content\/uploads\/2026\/02\/console-blue-logo-scaled.jpg 2560w, https:\/\/avantlespatchs.fr\/wp-content\/uploads\/2026\/02\/console-blue-logo-300x236.jpg 300w, https:\/\/avantlespatchs.fr\/wp-content\/uploads\/2026\/02\/console-blue-logo-1024x807.jpg 1024w, https:\/\/avantlespatchs.fr\/wp-content\/uploads\/2026\/02\/console-blue-logo-768x605.jpg 768w, https:\/\/avantlespatchs.fr\/wp-content\/uploads\/2026\/02\/console-blue-logo-1536x1211.jpg 1536w, https:\/\/avantlespatchs.fr\/wp-content\/uploads\/2026\/02\/console-blue-logo-2048x1614.jpg 2048w\" sizes=\"auto, (max-width: 2560px) 100vw, 2560px\" \/><\/a><\/figure><\/div>\n\n\n\n<div class=\"wp-block-column is-layout-flow wp-block-column-is-layout-flow\" style=\"flex-basis:33.33%\"><h5 class=\"wp-block-post-title has-roboto-font-family\"><a href=\"https:\/\/avantlespatchs.fr\/index.php\/2026\/02\/23\/dreamcast-trop-en-avance-pour-son-epoque\/\" target=\"_self\" >Dreamcast \u2013 Trop en avance pour son \u00e9poque<\/a><\/h5>\n\n<div class=\"wp-block-post-excerpt has-segoe-ui-font-family\"><p class=\"wp-block-post-excerpt__excerpt\">I have a dream. La Dreamcast, je l\u2019ai eue vers 11 ou 12 ans. Et encore aujourd\u2019hui, je\u2026<\/p><p class=\"wp-block-post-excerpt__more-text\"><a class=\"wp-block-post-excerpt__more-link\" href=\"https:\/\/avantlespatchs.fr\/index.php\/2026\/02\/23\/dreamcast-trop-en-avance-pour-son-epoque\/\">Lire l&rsquo;article<\/a><\/p><\/div><\/div>\n<\/div>\n\n<\/li><li class=\"wp-block-post post-260 post type-post status-publish format-standard has-post-thumbnail hentry category-2000s\">\n\n<div class=\"wp-block-columns alignwide is-layout-flex wp-container-core-columns-is-layout-28f84493 wp-block-columns-is-layout-flex\">\n<div class=\"wp-block-column is-layout-flow wp-block-column-is-layout-flow\" style=\"flex-basis:66.66%\"><figure style=\"aspect-ratio:3\/2;width:450px;height:200px;\" class=\"wp-block-post-featured-image\"><a href=\"https:\/\/avantlespatchs.fr\/index.php\/2026\/02\/20\/trackmania-2003-la-demo-que-je-nai-jamais-lachee\/\" target=\"_self\"  style=\"height:200px\"><img loading=\"lazy\" decoding=\"async\" width=\"580\" height=\"351\" src=\"https:\/\/avantlespatchs.fr\/wp-content\/uploads\/2026\/02\/trackmania-windows-north-america-cover-altar-of-gaming-33289-e1771632167170.webp\" class=\"attachment-post-thumbnail size-post-thumbnail wp-post-image\" alt=\"TrackMania (2003) \u2013 La d\u00e9mo que je n\u2019ai jamais l\u00e2ch\u00e9e\" style=\"border-top-left-radius:34px;border-top-right-radius:34px;border-bottom-left-radius:34px;border-bottom-right-radius:34px;border-width:6px;width:100%;height:100%;object-fit:cover;\" srcset=\"https:\/\/avantlespatchs.fr\/wp-content\/uploads\/2026\/02\/trackmania-windows-north-america-cover-altar-of-gaming-33289-e1771632167170.webp 580w, https:\/\/avantlespatchs.fr\/wp-content\/uploads\/2026\/02\/trackmania-windows-north-america-cover-altar-of-gaming-33289-e1771632167170-300x182.webp 300w\" sizes=\"auto, (max-width: 580px) 100vw, 580px\" \/><\/a><\/figure><\/div>\n\n\n\n<div class=\"wp-block-column is-layout-flow wp-block-column-is-layout-flow\" style=\"flex-basis:33.33%\"><h5 class=\"wp-block-post-title has-roboto-font-family\"><a href=\"https:\/\/avantlespatchs.fr\/index.php\/2026\/02\/20\/trackmania-2003-la-demo-que-je-nai-jamais-lachee\/\" target=\"_self\" >TrackMania (2003) \u2013 La d\u00e9mo que je n\u2019ai jamais l\u00e2ch\u00e9e<\/a><\/h5>\n\n<div class=\"wp-block-post-excerpt has-segoe-ui-font-family\"><p class=\"wp-block-post-excerpt__excerpt\">Gagner une seconde, perdre dix tentatives. Il y a des jeux qu\u2019on d\u00e9couvre par hasard. Pour moi, TrackMania\u2026<\/p><p class=\"wp-block-post-excerpt__more-text\"><a class=\"wp-block-post-excerpt__more-link\" href=\"https:\/\/avantlespatchs.fr\/index.php\/2026\/02\/20\/trackmania-2003-la-demo-que-je-nai-jamais-lachee\/\">Lire l&rsquo;article<\/a><\/p><\/div><\/div>\n<\/div>\n\n<\/li><li class=\"wp-block-post post-244 post type-post status-publish format-standard has-post-thumbnail hentry category-2000s category-90s category-en-vrac\">\n\n<div class=\"wp-block-columns alignwide is-layout-flex wp-container-core-columns-is-layout-28f84493 wp-block-columns-is-layout-flex\">\n<div class=\"wp-block-column is-layout-flow wp-block-column-is-layout-flow\" style=\"flex-basis:66.66%\"><figure style=\"aspect-ratio:3\/2;width:450px;height:200px;\" class=\"wp-block-post-featured-image\"><a href=\"https:\/\/avantlespatchs.fr\/index.php\/2026\/02\/17\/sortie-de-recalbox-10\/\" target=\"_self\"  style=\"height:200px\"><img loading=\"lazy\" decoding=\"async\" width=\"1552\" height=\"872\" src=\"https:\/\/avantlespatchs.fr\/wp-content\/uploads\/2026\/02\/2809bc330846e8ec3c3a9d4180ed16c3_recalbox-steam-deck-rog-ally-jpg.webp\" class=\"attachment-post-thumbnail size-post-thumbnail wp-post-image\" alt=\"Sortie de Recalbox 10 !\" style=\"border-top-left-radius:34px;border-top-right-radius:34px;border-bottom-left-radius:34px;border-bottom-right-radius:34px;border-width:6px;width:100%;height:100%;object-fit:cover;\" srcset=\"https:\/\/avantlespatchs.fr\/wp-content\/uploads\/2026\/02\/2809bc330846e8ec3c3a9d4180ed16c3_recalbox-steam-deck-rog-ally-jpg.webp 1552w, https:\/\/avantlespatchs.fr\/wp-content\/uploads\/2026\/02\/2809bc330846e8ec3c3a9d4180ed16c3_recalbox-steam-deck-rog-ally-jpg-300x169.webp 300w, https:\/\/avantlespatchs.fr\/wp-content\/uploads\/2026\/02\/2809bc330846e8ec3c3a9d4180ed16c3_recalbox-steam-deck-rog-ally-jpg-1024x575.webp 1024w, https:\/\/avantlespatchs.fr\/wp-content\/uploads\/2026\/02\/2809bc330846e8ec3c3a9d4180ed16c3_recalbox-steam-deck-rog-ally-jpg-768x432.webp 768w, https:\/\/avantlespatchs.fr\/wp-content\/uploads\/2026\/02\/2809bc330846e8ec3c3a9d4180ed16c3_recalbox-steam-deck-rog-ally-jpg-1536x863.webp 1536w\" sizes=\"auto, (max-width: 1552px) 100vw, 1552px\" \/><\/a><\/figure><\/div>\n\n\n\n<div class=\"wp-block-column is-layout-flow wp-block-column-is-layout-flow\" style=\"flex-basis:33.33%\"><h5 class=\"wp-block-post-title has-roboto-font-family\"><a href=\"https:\/\/avantlespatchs.fr\/index.php\/2026\/02\/17\/sortie-de-recalbox-10\/\" target=\"_self\" >Sortie de Recalbox 10 !<\/a><\/h5>\n\n<div class=\"wp-block-post-excerpt has-segoe-ui-font-family\"><p class=\"wp-block-post-excerpt__excerpt\">On se fait une petite partie ? Je vous en parlais il y a quelques jours, Recalbox sort\u2026<\/p><p class=\"wp-block-post-excerpt__more-text\"><a class=\"wp-block-post-excerpt__more-link\" href=\"https:\/\/avantlespatchs.fr\/index.php\/2026\/02\/17\/sortie-de-recalbox-10\/\">Lire l&rsquo;article<\/a><\/p><\/div><\/div>\n<\/div>\n\n<\/li><li class=\"wp-block-post post-237 post type-post status-publish format-standard has-post-thumbnail hentry category-2000s category-90s category-en-vrac\">\n\n<div class=\"wp-block-columns alignwide is-layout-flex wp-container-core-columns-is-layout-28f84493 wp-block-columns-is-layout-flex\">\n<div class=\"wp-block-column is-layout-flow wp-block-column-is-layout-flow\" style=\"flex-basis:66.66%\"><figure style=\"aspect-ratio:3\/2;width:450px;height:200px;\" class=\"wp-block-post-featured-image\"><a href=\"https:\/\/avantlespatchs.fr\/index.php\/2026\/02\/11\/la-difficulte-des-jeux-video-quand-la-piece-dictait-la-loi\/\" target=\"_self\"  style=\"height:200px\"><img loading=\"lazy\" decoding=\"async\" width=\"594\" height=\"600\" src=\"https:\/\/avantlespatchs.fr\/wp-content\/uploads\/2026\/02\/insert-coin.jpg\" class=\"attachment-post-thumbnail size-post-thumbnail wp-post-image\" alt=\"La difficult\u00e9 des jeux vid\u00e9o : quand la pi\u00e8ce dictait la loi\" style=\"border-top-left-radius:34px;border-top-right-radius:34px;border-bottom-left-radius:34px;border-bottom-right-radius:34px;border-width:6px;width:100%;height:100%;object-fit:cover;\" srcset=\"https:\/\/avantlespatchs.fr\/wp-content\/uploads\/2026\/02\/insert-coin.jpg 594w, https:\/\/avantlespatchs.fr\/wp-content\/uploads\/2026\/02\/insert-coin-297x300.jpg 297w\" sizes=\"auto, (max-width: 594px) 100vw, 594px\" \/><\/a><\/figure><\/div>\n\n\n\n<div class=\"wp-block-column is-layout-flow wp-block-column-is-layout-flow\" style=\"flex-basis:33.33%\"><h5 class=\"wp-block-post-title has-roboto-font-family\"><a href=\"https:\/\/avantlespatchs.fr\/index.php\/2026\/02\/11\/la-difficulte-des-jeux-video-quand-la-piece-dictait-la-loi\/\" target=\"_self\" >La difficult\u00e9 des jeux vid\u00e9o : quand la pi\u00e8ce dictait la loi<\/a><\/h5>\n\n<div class=\"wp-block-post-excerpt has-segoe-ui-font-family\"><p class=\"wp-block-post-excerpt__excerpt\">INSERT COIN. On entend souvent que les jeux \u00e9taient plus difficiles avant. C\u2019est vrai\u2026 mais pas pour les\u2026<\/p><p class=\"wp-block-post-excerpt__more-text\"><a class=\"wp-block-post-excerpt__more-link\" href=\"https:\/\/avantlespatchs.fr\/index.php\/2026\/02\/11\/la-difficulte-des-jeux-video-quand-la-piece-dictait-la-loi\/\">Lire l&rsquo;article<\/a><\/p><\/div><\/div>\n<\/div>\n\n<\/li><\/ul><\/div>\n<\/div>\n\n\n\n<div style=\"height:50px\" aria-hidden=\"true\" class=\"wp-block-spacer\"><\/div>\n","protected":false},"excerpt":{"rendered":"","protected":false},"author":1,"featured_media":0,"parent":0,"menu_order":0,"comment_status":"closed","ping_status":"closed","template":"","meta":{"colormag_page_container_layout":"default_layout","colormag_page_sidebar_layout":"default_layout","footnotes":""},"class_list":["post-106","page","type-page","status-publish","hentry"],"_links":{"self":[{"href":"https:\/\/avantlespatchs.fr\/index.php\/wp-json\/wp\/v2\/pages\/106","targetHints":{"allow":["GET"]}}],"collection":[{"href":"https:\/\/avantlespatchs.fr\/index.php\/wp-json\/wp\/v2\/pages"}],"about":[{"href":"https:\/\/avantlespatchs.fr\/index.php\/wp-json\/wp\/v2\/types\/page"}],"author":[{"embeddable":true,"href":"https:\/\/avantlespatchs.fr\/index.php\/wp-json\/wp\/v2\/users\/1"}],"replies":[{"embeddable":true,"href":"https:\/\/avantlespatchs.fr\/index.php\/wp-json\/wp\/v2\/comments?post=106"}],"version-history":[{"count":52,"href":"https:\/\/avantlespatchs.fr\/index.php\/wp-json\/wp\/v2\/pages\/106\/revisions"}],"predecessor-version":[{"id":259,"href":"https:\/\/avantlespatchs.fr\/index.php\/wp-json\/wp\/v2\/pages\/106\/revisions\/259"}],"wp:attachment":[{"href":"https:\/\/avantlespatchs.fr\/index.php\/wp-json\/wp\/v2\/media?parent=106"}],"curies":[{"name":"wp","href":"https:\/\/api.w.org\/{rel}","templated":true}]}}